{"id":6720,"date":"2017-10-24T15:10:58","date_gmt":"2017-10-24T13:10:58","guid":{"rendered":"https:\/\/costko.net\/?page_id=6720"},"modified":"2020-04-28T22:22:46","modified_gmt":"2020-04-28T20:22:46","slug":"optimisation-des-achats","status":"publish","type":"page","link":"https:\/\/costko.net\/?page_id=6720","title":{"rendered":"Optimisation des achats"},"content":{"rendered":"<p>&nbsp;<\/p>\n<h4>L&rsquo;optimisation des achats un secteur clef.<\/h4>\n<p>L\u2019optimisation des achats est un domaine qui prend de plus en plus d&rsquo;importance. Le poste achat repr\u00e9sente en effet une part importante du chiffre d\u2019affaires d&rsquo;une soci\u00e9t\u00e9 faisant de ce domaine un des \u00e9l\u00e9ments fondamental de la gestion d&rsquo;une soci\u00e9t\u00e9.<\/p>\n<p>&nbsp;<\/p>\n<h4>L&rsquo;optimisation des achats, une alternative \u00e0 la hausse du prix de vos produits.<\/h4>\n<p>L\u2019optimisation des achats constitue une alternative \u00e0 la hausse du prix de vos produits. Elle vous permet donc de maintenir ou accroitre la comp\u00e9titivit\u00e9 de vos produits tout en pr\u00e9servant vos marges b\u00e9n\u00e9ficiaires.<\/p>\n<p>&nbsp;<\/p>\n<h4>Le <em>sourcing<\/em>, un outil d&rsquo;optimisation des achats \u00e0 votre disposition.<\/h4>\n<p>En partant des besoins de votre entreprise, nos \u00e9quipes rechercheront les fournisseurs \u00e0 m\u00eame de \u00a0vous procurer les produits les plus adapt\u00e9s. Nos contr\u00f4leurs qualit\u00e9 \u00e9valueront la qualit\u00e9 des produits tandis que nos responsables commerciaux n\u00e9gocieront au mieux les co\u00fbts d&rsquo;acquisition et les d\u00e9lai de livraison.\u00a0Le regroupement de plusieurs entreprises vous permettra de b\u00e9n\u00e9ficier de tarifs ultra-concurrentiels.<\/p>\n<p>Vous pouvez \u00e9galement b\u00e9n\u00e9ficier de notre expertise pour lancer des appels d\u2019offres.<\/p>\n<p>&nbsp;<\/p>\n<h4>Optimisez l&rsquo;utilisation de vos fonds de roulement.<\/h4>\n<p>La bonne <b>gestion des achats<\/b> et des stocks vous permet d&rsquo;optimiser la gestion de vos fonds de roulement en immobilisant un minimum de capitaux pendant un minimum de temps.<\/p>\n<p>De plus, l&rsquo;optimisation de votre gestion des achats et des stocks vous permettra d&rsquo;honorer plus rapidement les commandes de vos clients tout en garantissant un approvisionnement permanent en produits.<\/p>\n<p>&nbsp;<\/p>\n<h4><span style=\"color: #333333\">L&rsquo;informatique un outil \u00e0 votre disposition pour l&rsquo;optimisation des achats.<\/span><\/h4>\n<p><span style=\"color: #333333\">Profitez d&rsquo;une multiplicit\u00e9 de logiciels d\u00e9di\u00e9s \u00e0 la gestion des achats pour :<\/span><\/p>\n<ul>\n<li><span style=\"color: #333333\">la consolidation des informations sur le volume des achats effectu\u00e9s et les montants engag\u00e9s <\/span><\/li>\n<li><span style=\"color: #333333\">le pilotage des achats qui permettent d\u2019\u00e9valuer les performances des acheteurs et de d\u00e9celer les \u00e9conomies r\u00e9alis\u00e9es sur les achats effectu\u00e9s.<\/span><\/li>\n<li><span style=\"color: #333333\">l&rsquo;e-procurement qui permet aux\u00a0acheteurs de choisir dans les catalogues propos\u00e9s les produits qu\u2019ils souhaitent acqu\u00e9rir.<\/span><\/li>\n<\/ul>\n<p>&nbsp;<\/p>\n<p>&nbsp;<\/p>\n<p>&nbsp;<\/p>\n","protected":false},"excerpt":{"rendered":"<p>&nbsp; L&rsquo;optimisation des achats un secteur clef. L\u2019optimisation des achats est un domaine qui prend de plus en plus d&rsquo;importance. Le poste achat repr\u00e9sente en effet une part importante du chiffre d\u2019affaires d&rsquo;une soci\u00e9t\u00e9 faisant de ce domaine un des [&hellip;]<\/p>\n","protected":false},"author":1,"featured_media":0,"parent":0,"menu_order":0,"comment_status":"closed","ping_status":"closed","template":"","meta":[],"_links":{"self":[{"href":"https:\/\/costko.net\/index.php?rest_route=\/wp\/v2\/pages\/6720"}],"collection":[{"href":"https:\/\/costko.net\/index.php?rest_route=\/wp\/v2\/pages"}],"about":[{"href":"https:\/\/costko.net\/index.php?rest_route=\/wp\/v2\/types\/page"}],"author":[{"embeddable":true,"href":"https:\/\/costko.net\/index.php?rest_route=\/wp\/v2\/users\/1"}],"replies":[{"embeddable":true,"href":"https:\/\/costko.net\/index.php?rest_route=%2Fwp%2Fv2%2Fcomments&post=6720"}],"version-history":[{"count":38,"href":"https:\/\/costko.net\/index.php?rest_route=\/wp\/v2\/pages\/6720\/revisions"}],"predecessor-version":[{"id":22764,"href":"https:\/\/costko.net\/index.php?rest_route=\/wp\/v2\/pages\/6720\/revisions\/22764"}],"wp:attachment":[{"href":"https:\/\/costko.net\/index.php?rest_route=%2Fwp%2Fv2%2Fmedia&parent=6720"}],"curies":[{"name":"wp","href":"https:\/\/api.w.org\/{rel}","templated":true}]}}