{"id":2034,"date":"2017-08-13T23:48:42","date_gmt":"2017-08-13T21:48:42","guid":{"rendered":"https:\/\/costko.net\/?page_id=2034"},"modified":"2020-04-29T15:56:48","modified_gmt":"2020-04-29T13:56:48","slug":"reduction-de-la-masse-salariale","status":"publish","type":"page","link":"https:\/\/costko.net\/?page_id=2034","title":{"rendered":"Masse salariale"},"content":{"rendered":"<p>&nbsp;<\/p>\n<h4>Optimisez la gestion de votre masse salariale.<\/h4>\n<p>La r\u00e9duction de la masse salariale est un des \u00e9l\u00e9ments clefs de la gestion de vos frais de fonctionnement, plus particuli\u00e8rement dans les services.<\/p>\n<p>Dans une \u00e9conomie de services, l&rsquo;ensemble des salaires vers\u00e9s repr\u00e9sente une part croissante des co\u00fbts que doivent supporter les entreprise. <a href=\"https:\/\/costko.net\/index.php\/automatisation\/\">Algorithmes, machines et robots<\/a> vous permettront de r\u00e9aliser de substantielles \u00e9conomies sur vos salaires et vos cotisations sociales tout en vous permettant d&rsquo;\u00e9viter la\u00a0d\u00e9localisation de votre activit\u00e9 dans des pays \u00e0 bas salaires.<\/p>\n<p>&nbsp;<\/p>\n<h4>Un service unique adapt\u00e9 \u00e0 vos besoins.<\/h4>\n<p>A la diff\u00e9rence d&rsquo;autres entreprises, nous n&rsquo;h\u00e9sitons pas \u00e0 assumer pleinement des missions de r\u00e9duction de la masse salariale de nos clients.<\/p>\n<p>Nos m\u00e9thodes organisationnelles adaptables et innovantes portant sur\u00a0l&rsquo;am\u00e9nagement du temps de travail,\u00a0l&rsquo;intensification du travail, le\u00a0non-remplacement des salari\u00e9s lors de leur d\u00e9part \u00e0 la retraite,\u00a0la r\u00e9duction des heures suppl\u00e9mentaires,\u00a0la lutte contre l\u2019absent\u00e9isme ou encore la\u00a0ma\u00eetrise des avancements de grade et d\u2019\u00e9chelon, vous permettrons de g\u00e9n\u00e9rer des gains de productivit\u00e9.<\/p>\n<p>&nbsp;<\/p>\n<h4>Soutien des salari\u00e9s dans leur \u00e9volution professionnelle.<\/h4>\n<p>En cas de licenciement, notre \u00e9quipe peut \u00e9galement fournir un soutien psychologique aux salari\u00e9s ainsi qu&rsquo;une assistance dans l\u2019\u00e9volution de leur carri\u00e8re professionnelle.<\/p>\n<p>Notre entreprise vous garantit la plus grande discr\u00e9tion dans l&rsquo;exercice des missions qui lui sont confi\u00e9es.<\/p>\n<p>&nbsp;<\/p>\n<p>&nbsp;<\/p>\n<p>&nbsp;<\/p>\n","protected":false},"excerpt":{"rendered":"<p>&nbsp; Optimisez la gestion de votre masse salariale. La r\u00e9duction de la masse salariale est un des \u00e9l\u00e9ments clefs de la gestion de vos frais de fonctionnement, plus particuli\u00e8rement dans les services. Dans une \u00e9conomie de services, l&rsquo;ensemble des salaires [&hellip;]<\/p>\n","protected":false},"author":1,"featured_media":0,"parent":0,"menu_order":3,"comment_status":"closed","ping_status":"closed","template":"","meta":[],"_links":{"self":[{"href":"https:\/\/costko.net\/index.php?rest_route=\/wp\/v2\/pages\/2034"}],"collection":[{"href":"https:\/\/costko.net\/index.php?rest_route=\/wp\/v2\/pages"}],"about":[{"href":"https:\/\/costko.net\/index.php?rest_route=\/wp\/v2\/types\/page"}],"author":[{"embeddable":true,"href":"https:\/\/costko.net\/index.php?rest_route=\/wp\/v2\/users\/1"}],"replies":[{"embeddable":true,"href":"https:\/\/costko.net\/index.php?rest_route=%2Fwp%2Fv2%2Fcomments&post=2034"}],"version-history":[{"count":29,"href":"https:\/\/costko.net\/index.php?rest_route=\/wp\/v2\/pages\/2034\/revisions"}],"predecessor-version":[{"id":22841,"href":"https:\/\/costko.net\/index.php?rest_route=\/wp\/v2\/pages\/2034\/revisions\/22841"}],"wp:attachment":[{"href":"https:\/\/costko.net\/index.php?rest_route=%2Fwp%2Fv2%2Fmedia&parent=2034"}],"curies":[{"name":"wp","href":"https:\/\/api.w.org\/{rel}","templated":true}]}}