{"id":2015,"date":"2017-08-13T23:48:01","date_gmt":"2017-08-13T21:48:01","guid":{"rendered":"https:\/\/costko.net\/?page_id=2015"},"modified":"2020-05-25T20:59:34","modified_gmt":"2020-05-25T18:59:34","slug":"reduction-frais-de-gestion","status":"publish","type":"page","link":"https:\/\/costko.net\/?page_id=2015","title":{"rendered":"R\u00e9duction des frais de gestion"},"content":{"rendered":"<p>&nbsp;<\/p>\n<h4>La voie la plus simple pour accroitre votre rentabilit\u00e9.<\/h4>\n<p>La r\u00e9duction de vos frais de gestion peut vous faire r\u00e9aliser jusqu\u2019\u00e0 20% d\u2019\u00e9conomies sur vos frais g\u00e9n\u00e9raux. Vous vous assurez ainsi un accroissement quasi-automatique de vos marges.<\/p>\n<p>Pour accro\u00eetre la rentabilit\u00e9 de votre soci\u00e9t\u00e9, la r\u00e9duction de vos frais peut s&rsquo;av\u00e9rer plus efficace qu&rsquo;un accroissement de votre chiffre d&rsquo;affaire.<\/p>\n<h4><\/h4>\n<p>&nbsp;<\/p>\n<h4><strong>Un ma\u00eetre mot l&rsquo;efficience.<\/strong><\/h4>\n<p>Mesurant les ressources mobilis\u00e9es pour accomplir une t\u00e2che, l&rsquo;efficience appr\u00e9hende la question des moyens tandis que l&rsquo;efficacit\u00e9 se focalise sur le r\u00e9sultat. Permettant de maintenir la qualit\u00e9 d&rsquo;un bien ou d&rsquo;un service, l&rsquo;efficience se distingue \u00e9galement de l&rsquo;\u00e9conomique.<\/p>\n<p>Ainsi, contrairement \u00e0 une id\u00e9e re\u00e7ue, une r\u00e9duction des co\u00fbts ne provoque pas syst\u00e9matiquement une baisse de la qualit\u00e9 de vos services et\/ou de vos produits. Nos \u00e9quipes se montrent particuli\u00e8rement soucieuses de cet aspect en proc\u00e9dant \u00e0 des contr\u00f4les qualit\u00e9s syst\u00e9matiques.<\/p>\n<p>&nbsp;<\/p>\n<p>&nbsp;<\/p>\n<p>&nbsp;<\/p>\n","protected":false},"excerpt":{"rendered":"<p>&nbsp; La voie la plus simple pour accroitre votre rentabilit\u00e9. La r\u00e9duction de vos frais de gestion peut vous faire r\u00e9aliser jusqu\u2019\u00e0 20% d\u2019\u00e9conomies sur vos frais g\u00e9n\u00e9raux. Vous vous assurez ainsi un accroissement quasi-automatique de vos marges. Pour accro\u00eetre [&hellip;]<\/p>\n","protected":false},"author":1,"featured_media":0,"parent":0,"menu_order":0,"comment_status":"closed","ping_status":"closed","template":"","meta":[],"_links":{"self":[{"href":"https:\/\/costko.net\/index.php?rest_route=\/wp\/v2\/pages\/2015"}],"collection":[{"href":"https:\/\/costko.net\/index.php?rest_route=\/wp\/v2\/pages"}],"about":[{"href":"https:\/\/costko.net\/index.php?rest_route=\/wp\/v2\/types\/page"}],"author":[{"embeddable":true,"href":"https:\/\/costko.net\/index.php?rest_route=\/wp\/v2\/users\/1"}],"replies":[{"embeddable":true,"href":"https:\/\/costko.net\/index.php?rest_route=%2Fwp%2Fv2%2Fcomments&post=2015"}],"version-history":[{"count":24,"href":"https:\/\/costko.net\/index.php?rest_route=\/wp\/v2\/pages\/2015\/revisions"}],"predecessor-version":[{"id":24800,"href":"https:\/\/costko.net\/index.php?rest_route=\/wp\/v2\/pages\/2015\/revisions\/24800"}],"wp:attachment":[{"href":"https:\/\/costko.net\/index.php?rest_route=%2Fwp%2Fv2%2Fmedia&parent=2015"}],"curies":[{"name":"wp","href":"https:\/\/api.w.org\/{rel}","templated":true}]}}