{"id":1994,"date":"2017-08-13T23:46:20","date_gmt":"2017-08-13T21:46:20","guid":{"rendered":"https:\/\/costko.net\/?page_id=1994"},"modified":"2020-04-27T18:50:24","modified_gmt":"2020-04-27T16:50:24","slug":"automatisation","status":"publish","type":"page","link":"https:\/\/costko.net\/?page_id=1994","title":{"rendered":"Automatisation"},"content":{"rendered":"<p>&nbsp;<\/p>\n<h4>L&rsquo;automatisation, une approche polyvalente.<\/h4>\n<p>Les progr\u00e8s conjugu\u00e9s de l\u2019informatique et de la robotique permettent d\u00e9sormais une automatisation de secteurs d\u2019activit\u00e9 aussi divers que les transports, le secteur du b\u00e2timent, le secteur bancaire ou encore la restauration.<\/p>\n<p>Dans une \u00e9conomie de services, l&rsquo;<a href=\"https:\/\/costko.net\/index.php\/reduction-de-la-masse-salariale\/\">ensemble des salaires<\/a> vers\u00e9s repr\u00e9sente une part croissante des co\u00fbts que doivent supporter les entreprise.<\/p>\n<p>&nbsp;<\/p>\n<h4>L&rsquo;automatisation, un atout pour r\u00e9duire vos frais.<\/h4>\n<p>Algorithmes, machines et robots vous permettront de r\u00e9aliser de substantielles \u00e9conomies sur vos salaires et vos cotisations sociales.<\/p>\n<p>L&rsquo;automatisation constitue ainsi une alternative \u00e0 la d\u00e9localisation dans des pays \u00e0 bas salaires tout en vous permettant de maintenir\u00a0la production de vos produits au sein des march\u00e9s d\u00e9velopp\u00e9s. Vous pouvez ainsi b\u00e9n\u00e9ficier de cha\u00eenes logistiques les plus tendues possibles.<\/p>\n<p>L\u2019automatisation peut permettre \u00e0 des salari\u00e9s de mieux r\u00e9aliser les t\u00e2ches qui leurs sont d\u00e9volues en accroissant leur efficacit\u00e9 ou en diminuant les moyens qu\u2019ils doivent mobiliser.<\/p>\n<p>&nbsp;<\/p>\n<h4>Des m\u00e9thodes adapt\u00e9es \u00e0 vos besoins.<\/h4>\n<p>Cost Killing Optimisation propose un ensemble de m\u00e9thodes de gestion concr\u00e8tes et innovantes prenant en compte les enjeux d\u2019obsolescence et de modernisation pour aboutir \u00e0 un accroissement de la flexibilit\u00e9 et de la cr\u00e9ation de valeur de ses clients.<\/p>\n<p>&nbsp;<\/p>\n<p>&nbsp;<\/p>\n<p>&nbsp;<\/p>\n","protected":false},"excerpt":{"rendered":"<p>&nbsp; L&rsquo;automatisation, une approche polyvalente. Les progr\u00e8s conjugu\u00e9s de l\u2019informatique et de la robotique permettent d\u00e9sormais une automatisation de secteurs d\u2019activit\u00e9 aussi divers que les transports, le secteur du b\u00e2timent, le secteur bancaire ou encore la restauration. Dans une \u00e9conomie [&hellip;]<\/p>\n","protected":false},"author":1,"featured_media":0,"parent":0,"menu_order":4,"comment_status":"closed","ping_status":"closed","template":"","meta":[],"_links":{"self":[{"href":"https:\/\/costko.net\/index.php?rest_route=\/wp\/v2\/pages\/1994"}],"collection":[{"href":"https:\/\/costko.net\/index.php?rest_route=\/wp\/v2\/pages"}],"about":[{"href":"https:\/\/costko.net\/index.php?rest_route=\/wp\/v2\/types\/page"}],"author":[{"embeddable":true,"href":"https:\/\/costko.net\/index.php?rest_route=\/wp\/v2\/users\/1"}],"replies":[{"embeddable":true,"href":"https:\/\/costko.net\/index.php?rest_route=%2Fwp%2Fv2%2Fcomments&post=1994"}],"version-history":[{"count":19,"href":"https:\/\/costko.net\/index.php?rest_route=\/wp\/v2\/pages\/1994\/revisions"}],"predecessor-version":[{"id":13321,"href":"https:\/\/costko.net\/index.php?rest_route=\/wp\/v2\/pages\/1994\/revisions\/13321"}],"wp:attachment":[{"href":"https:\/\/costko.net\/index.php?rest_route=%2Fwp%2Fv2%2Fmedia&parent=1994"}],"curies":[{"name":"wp","href":"https:\/\/api.w.org\/{rel}","templated":true}]}}