{"id":19,"date":"2017-07-18T17:10:12","date_gmt":"2017-07-18T15:10:12","guid":{"rendered":"http:\/\/costko.net\/?page_id=19"},"modified":"2020-04-28T09:37:35","modified_gmt":"2020-04-28T07:37:35","slug":"presentation","status":"publish","type":"page","link":"https:\/\/costko.net\/","title":{"rendered":"Pr\u00e9sentation"},"content":{"rendered":"<p>&nbsp;<\/p>\n<p>Cost Killing Optimisation <span lang=\"zh-CN\"><span id=\"s1_1\">est une soci\u00e9t\u00e9 de consulting sp\u00e9cialis\u00e9e dans la r\u00e9duction des frais support\u00e9s par les personnes morales.<\/span><\/span><\/p>\n<p>Nous <span lang=\"zh-CN\"><span id=\"s1_2\">garantissons une totale discr\u00e9tion dans la gestion des dossiers qui nous sont confi\u00e9s.<\/span><\/span><\/p>\n<p>Cost Killing Optimisation\u00a0<span lang=\"zh-CN\"><span id=\"s1_3\">regroupe une \u00e9quipe dynamique n\u2019ayant pas peur d\u2019assurer la rentabilit\u00e9 de process par la prise de d\u00e9cisions radicales.<\/span><\/span><\/p>\n<p>Cost Ko\u00a0<span lang=\"zh-CN\"><span id=\"s1_4\">peut compter sur des intervenants aussi divers que des juristes en droits des affaires et en droit du travail, des informaticiens, des ing\u00e9nieurs robotique ou encore des psychologues du travail\u2026.<\/span><\/span><\/p>\n<p>La <span lang=\"zh-CN\"><span id=\"s1_5\">soci\u00e9t\u00e9 Cost Killing Optimisation <\/span><\/span> <span lang=\"zh-CN\"><span id=\"s1_5\">n\u2019est r\u00e9mun\u00e9r\u00e9e que via un pourcentage des frais \u00e9conomis\u00e9s par ses clients.<\/span><\/span><span id=\"s1_5\"><\/span><\/p>\n<p>&nbsp;<\/p>\n<p>&nbsp;<\/p>\n<p>&nbsp;<\/p>\n","protected":false},"excerpt":{"rendered":"<p>&nbsp; Cost Killing Optimisation est une soci\u00e9t\u00e9 de consulting sp\u00e9cialis\u00e9e dans la r\u00e9duction des frais support\u00e9s par les personnes morales. Nous garantissons une totale discr\u00e9tion dans la gestion des dossiers qui nous sont confi\u00e9s. Cost Killing Optimisation\u00a0regroupe une \u00e9quipe dynamique [&hellip;]<\/p>\n","protected":false},"author":1,"featured_media":0,"parent":0,"menu_order":0,"comment_status":"closed","ping_status":"closed","template":"","meta":[],"_links":{"self":[{"href":"https:\/\/costko.net\/index.php?rest_route=\/wp\/v2\/pages\/19"}],"collection":[{"href":"https:\/\/costko.net\/index.php?rest_route=\/wp\/v2\/pages"}],"about":[{"href":"https:\/\/costko.net\/index.php?rest_route=\/wp\/v2\/types\/page"}],"author":[{"embeddable":true,"href":"https:\/\/costko.net\/index.php?rest_route=\/wp\/v2\/users\/1"}],"replies":[{"embeddable":true,"href":"https:\/\/costko.net\/index.php?rest_route=%2Fwp%2Fv2%2Fcomments&post=19"}],"version-history":[{"count":21,"href":"https:\/\/costko.net\/index.php?rest_route=\/wp\/v2\/pages\/19\/revisions"}],"predecessor-version":[{"id":39,"href":"https:\/\/costko.net\/index.php?rest_route=\/wp\/v2\/pages\/19\/revisions\/39"}],"wp:attachment":[{"href":"https:\/\/costko.net\/index.php?rest_route=%2Fwp%2Fv2%2Fmedia&parent=19"}],"curies":[{"name":"wp","href":"https:\/\/api.w.org\/{rel}","templated":true}]}}